{"id":2043,"date":"2026-01-05T14:20:20","date_gmt":"2026-01-05T14:20:20","guid":{"rendered":"https:\/\/bewustinbeweging-wandelcoaching.nl\/?page_id=2043"},"modified":"2026-01-21T10:41:15","modified_gmt":"2026-01-21T10:41:15","slug":"emdr","status":"publish","type":"page","link":"https:\/\/bewustinbeweging-wandelcoaching.nl\/?page_id=2043","title":{"rendered":"EMDR"},"content":{"rendered":"\t\t<div data-elementor-type=\"wp-page\" data-elementor-id=\"2043\" class=\"elementor elementor-2043\" data-elementor-post-type=\"page\">\n\t\t\t\t<div class=\"elementor-element elementor-element-1ecb2e0 e-con-full e-flex elementor-invisible e-con e-parent\" data-id=\"1ecb2e0\" data-element_type=\"container\" data-e-type=\"container\" data-settings=\"{&quot;animation&quot;:&quot;fadeIn&quot;}\">\n\t\t\t\t<div class=\"elementor-element elementor-element-04b5f22 elementor-widget elementor-widget-spacer\" data-id=\"04b5f22\" data-element_type=\"widget\" data-e-type=\"widget\" data-widget_type=\"spacer.default\">\n\t\t\t\t\t\t\t<div class=\"elementor-spacer\">\n\t\t\t<div class=\"elementor-spacer-inner\"><\/div>\n\t\t<\/div>\n\t\t\t\t\t\t<\/div>\n\t\t\t\t<div class=\"elementor-element elementor-element-439fc4b elementor-widget elementor-widget-heading\" data-id=\"439fc4b\" data-element_type=\"widget\" data-e-type=\"widget\" data-widget_type=\"heading.default\">\n\t\t\t\t\t<h2 class=\"elementor-heading-title elementor-size-default\">EMDR  behandeling<\/h2>\t\t\t\t<\/div>\n\t\t\t\t<div class=\"elementor-element elementor-element-49347a1 elementor-widget-divider--view-line elementor-widget elementor-widget-divider\" data-id=\"49347a1\" data-element_type=\"widget\" data-e-type=\"widget\" data-widget_type=\"divider.default\">\n\t\t\t\t\t\t\t<div class=\"elementor-divider\">\n\t\t\t<span class=\"elementor-divider-separator\">\n\t\t\t\t\t\t<\/span>\n\t\t<\/div>\n\t\t\t\t\t\t<\/div>\n\t\t\t\t<div class=\"elementor-element elementor-element-01aa341 elementor-widget elementor-widget-spacer\" data-id=\"01aa341\" data-element_type=\"widget\" data-e-type=\"widget\" data-widget_type=\"spacer.default\">\n\t\t\t\t\t\t\t<div class=\"elementor-spacer\">\n\t\t\t<div class=\"elementor-spacer-inner\"><\/div>\n\t\t<\/div>\n\t\t\t\t\t\t<\/div>\n\t\t\t\t<\/div>\n\t\t<div class=\"elementor-element elementor-element-0bd63f5 e-con-full e-flex elementor-invisible e-con e-parent\" data-id=\"0bd63f5\" data-element_type=\"container\" data-e-type=\"container\" data-settings=\"{&quot;animation&quot;:&quot;fadeIn&quot;}\">\n\t\t<div class=\"elementor-element elementor-element-e7de746 e-con-full animated-slow e-flex elementor-invisible e-con e-child\" data-id=\"e7de746\" data-element_type=\"container\" data-e-type=\"container\" data-settings=\"{&quot;animation&quot;:&quot;fadeInLeft&quot;}\">\n\t\t\t\t<div class=\"elementor-element elementor-element-b94436f elementor-widget elementor-widget-heading\" data-id=\"b94436f\" data-element_type=\"widget\" data-e-type=\"widget\" data-widget_type=\"heading.default\">\n\t\t\t\t\t<h2 class=\"elementor-heading-title elementor-size-default\">Het effect<\/h2>\t\t\t\t<\/div>\n\t\t\t\t<div class=\"elementor-element elementor-element-030a22b elementor-widget elementor-widget-text-editor\" data-id=\"030a22b\" data-element_type=\"widget\" data-e-type=\"widget\" data-widget_type=\"text-editor.default\">\n\t\t\t\t\t\t\t\t\t<p>EMDR leidt ertoe dat jouw herinnering aan een nare\/ traumatische gebeurtenis vrij snel de emotionele lading verliest en het dus minder pijnlijk is om aan de gebeurtenis terug te denken. Negatieve beelden, niet goed functionerende gedachten of opvattingen en negatieve gevoelens veranderen. Er gaat letterlijk wat uit je rugzak dat je niet meer met je mee hoeft te dragen. Hetzelfde effect bereik je met deze methode bij angsten en fobi\u00ebn.<\/p>\t\t\t\t\t\t\t\t<\/div>\n\t\t\t\t<div class=\"elementor-element elementor-element-4e6161e elementor-widget elementor-widget-spacer\" data-id=\"4e6161e\" data-element_type=\"widget\" data-e-type=\"widget\" data-widget_type=\"spacer.default\">\n\t\t\t\t\t\t\t<div class=\"elementor-spacer\">\n\t\t\t<div class=\"elementor-spacer-inner\"><\/div>\n\t\t<\/div>\n\t\t\t\t\t\t<\/div>\n\t\t\t\t<div class=\"elementor-element elementor-element-e234a9b elementor-widget elementor-widget-heading\" data-id=\"e234a9b\" data-element_type=\"widget\" data-e-type=\"widget\" data-widget_type=\"heading.default\">\n\t\t\t\t\t<h2 class=\"elementor-heading-title elementor-size-default\">Hoe werkt het?<\/h2>\t\t\t\t<\/div>\n\t\t\t\t<div class=\"elementor-element elementor-element-c8ad945 elementor-widget elementor-widget-text-editor\" data-id=\"c8ad945\" data-element_type=\"widget\" data-e-type=\"widget\" data-widget_type=\"text-editor.default\">\n\t\t\t\t\t\t\t\t\t<p>Over hoe het werkt is men nog steeds niet helemaal uit. Wel dat het werkt. We halen jouw nare traumatische gebeurtenissen uit je langere termijn geheugen naar je werkgeheugen. We laten \u00e9\u00e9n voor \u00e9\u00e9n je associaties opkomen, voegen een stimulus eraan toe waarna de associatie zonder lading terug gaat naar je langere termijn geheugen. Bij angsten en fobie\u00ebn behandelen we verschillende momenten die gekoppeld zijn aan deze angst\/ fobi\u00eb.<\/p><p>EMDR is een vorm van psychotherapie die verschillende succesvolle elementen van andere therapie\u00ebn integreert in combinatie met afleidende stimulus. Je natuurlijke verwerkingssysteem wordt gestimuleerd.<\/p>\t\t\t\t\t\t\t\t<\/div>\n\t\t\t\t<div class=\"elementor-element elementor-element-1c1f144 elementor-widget elementor-widget-spacer\" data-id=\"1c1f144\" data-element_type=\"widget\" data-e-type=\"widget\" data-widget_type=\"spacer.default\">\n\t\t\t\t\t\t\t<div class=\"elementor-spacer\">\n\t\t\t<div class=\"elementor-spacer-inner\"><\/div>\n\t\t<\/div>\n\t\t\t\t\t\t<\/div>\n\t\t\t\t<div class=\"elementor-element elementor-element-89cbdaa elementor-widget elementor-widget-heading\" data-id=\"89cbdaa\" data-element_type=\"widget\" data-e-type=\"widget\" data-widget_type=\"heading.default\">\n\t\t\t\t\t<h2 class=\"elementor-heading-title elementor-size-default\">Kracht van deze methode<\/h2>\t\t\t\t<\/div>\n\t\t\t\t<div class=\"elementor-element elementor-element-fae1c97 elementor-widget elementor-widget-text-editor\" data-id=\"fae1c97\" data-element_type=\"widget\" data-e-type=\"widget\" data-widget_type=\"text-editor.default\">\n\t\t\t\t\t\t\t\t\t<p>Het is niet nodig om je ervaring uitvoerig te beschrijven of continu te herbeleven. Door het stimuleren van het informatieverwerkingssysteem worden in relatief korte tijd de doelen bereikt.<\/p><p>De grootste kracht van EMDR is wel dat het de hersenen laat herstellen in het tempo waarin het lichaam fysieke klachten geneest (bron: Vereniging EMDR Nederland).<\/p>\t\t\t\t\t\t\t\t<\/div>\n\t\t\t\t<div class=\"elementor-element elementor-element-7983237 elementor-widget elementor-widget-spacer\" data-id=\"7983237\" data-element_type=\"widget\" data-e-type=\"widget\" data-widget_type=\"spacer.default\">\n\t\t\t\t\t\t\t<div class=\"elementor-spacer\">\n\t\t\t<div class=\"elementor-spacer-inner\"><\/div>\n\t\t<\/div>\n\t\t\t\t\t\t<\/div>\n\t\t\t\t<div class=\"elementor-element elementor-element-d5a1424 elementor-widget elementor-widget-heading\" data-id=\"d5a1424\" data-element_type=\"widget\" data-e-type=\"widget\" data-widget_type=\"heading.default\">\n\t\t\t\t\t<h2 class=\"elementor-heading-title elementor-size-default\">Welke klachten en voor wie?<\/h2>\t\t\t\t<\/div>\n\t\t\t\t<div class=\"elementor-element elementor-element-8eaa00f elementor-widget elementor-widget-text-editor\" data-id=\"8eaa00f\" data-element_type=\"widget\" data-e-type=\"widget\" data-widget_type=\"text-editor.default\">\n\t\t\t\t\t\t\t\t\t<p>EMDR is voor jou waardevol als je moeite hebt de draad van je leven weer op te pakken, na traumatische\/ nare gebeurtenis(sen) of bepaalde angsten hebt.<\/p><p>Klachten die je mogelijk herkent: stress, paniek, schaamte\/ schuld, ge\u00efrriteerdheid, vermijdingsgedrag, depressieve stemming, slecht zelfbeeld, herbeleving, nare dromen, slaapproblemen,\u00a0 piekeren, angst, waakzaamheid, lichamelijke klachten.<\/p>\t\t\t\t\t\t\t\t<\/div>\n\t\t\t\t<div class=\"elementor-element elementor-element-678f2cd elementor-widget elementor-widget-spacer\" data-id=\"678f2cd\" data-element_type=\"widget\" data-e-type=\"widget\" data-widget_type=\"spacer.default\">\n\t\t\t\t\t\t\t<div class=\"elementor-spacer\">\n\t\t\t<div class=\"elementor-spacer-inner\"><\/div>\n\t\t<\/div>\n\t\t\t\t\t\t<\/div>\n\t\t\t\t<div class=\"elementor-element elementor-element-5cb8cce elementor-widget elementor-widget-heading\" data-id=\"5cb8cce\" data-element_type=\"widget\" data-e-type=\"widget\" data-widget_type=\"heading.default\">\n\t\t\t\t\t<h2 class=\"elementor-heading-title elementor-size-default\">Werkwijze<\/h2>\t\t\t\t<\/div>\n\t\t\t\t<div class=\"elementor-element elementor-element-6dc30ae elementor-widget elementor-widget-text-editor\" data-id=\"6dc30ae\" data-element_type=\"widget\" data-e-type=\"widget\" data-widget_type=\"text-editor.default\">\n\t\t\t\t\t\t\t\t\t<p>We hebben eerst een telefonisch contact waarin we jouw vraag bespreken. Op basis daarvan doe ik een screening om te kijken of jij bij mij op de juiste plek bent voor jouw vraag.<\/p><p>Aan de hand van draagkrachttesten die ik na ons telefonisch contact naar jou mail doe ik opnieuw een screening. Ik bekijk of er voldoende draagkracht bij jou is om met EMDR te kunnen starten. Het kan ook zijn dat het belangrijk is om eerst te kijken hoe we jou sterker kunnen maken door positieve gevoelens en hulpbronnen te installeren of dat ik je adviseer om EMDR elders een onderdeel te laten zijn van een bredere behandeling.<\/p>\t\t\t\t\t\t\t\t<\/div>\n\t\t\t\t<div class=\"elementor-element elementor-element-788aa9f elementor-widget elementor-widget-spacer\" data-id=\"788aa9f\" data-element_type=\"widget\" data-e-type=\"widget\" data-widget_type=\"spacer.default\">\n\t\t\t\t\t\t\t<div class=\"elementor-spacer\">\n\t\t\t<div class=\"elementor-spacer-inner\"><\/div>\n\t\t<\/div>\n\t\t\t\t\t\t<\/div>\n\t\t\t\t<\/div>\n\t\t<div class=\"elementor-element elementor-element-9afde54 e-con-full animated-slow e-flex elementor-invisible e-con e-child\" data-id=\"9afde54\" data-element_type=\"container\" data-e-type=\"container\" data-settings=\"{&quot;animation&quot;:&quot;fadeInRight&quot;}\">\n\t\t\t\t<div class=\"elementor-element elementor-element-2483620 elementor-widget elementor-widget-image\" data-id=\"2483620\" data-element_type=\"widget\" data-e-type=\"widget\" data-widget_type=\"image.default\">\n\t\t\t\t\t\t\t\t\t\t\t\t\t\t\t<img fetchpriority=\"high\" decoding=\"async\" width=\"800\" height=\"534\" src=\"https:\/\/bewustinbeweging-wandelcoaching.nl\/wp-content\/uploads\/2026\/01\/WhatsApp-Image-2026-01-19-at-19.26.34-1-1024x683.jpeg\" class=\"attachment-large size-large wp-image-4713\" alt=\"\" srcset=\"https:\/\/bewustinbeweging-wandelcoaching.nl\/wp-content\/uploads\/2026\/01\/WhatsApp-Image-2026-01-19-at-19.26.34-1-1024x683.jpeg 1024w, https:\/\/bewustinbeweging-wandelcoaching.nl\/wp-content\/uploads\/2026\/01\/WhatsApp-Image-2026-01-19-at-19.26.34-1-300x200.jpeg 300w, https:\/\/bewustinbeweging-wandelcoaching.nl\/wp-content\/uploads\/2026\/01\/WhatsApp-Image-2026-01-19-at-19.26.34-1-768x512.jpeg 768w, https:\/\/bewustinbeweging-wandelcoaching.nl\/wp-content\/uploads\/2026\/01\/WhatsApp-Image-2026-01-19-at-19.26.34-1-1536x1025.jpeg 1536w, https:\/\/bewustinbeweging-wandelcoaching.nl\/wp-content\/uploads\/2026\/01\/WhatsApp-Image-2026-01-19-at-19.26.34-1.jpeg 2048w\" sizes=\"(max-width: 800px) 100vw, 800px\" \/>\t\t\t\t\t\t\t\t\t\t\t\t\t\t\t<\/div>\n\t\t\t\t<div class=\"elementor-element elementor-element-2ba864f elementor-widget elementor-widget-spacer\" data-id=\"2ba864f\" data-element_type=\"widget\" data-e-type=\"widget\" data-widget_type=\"spacer.default\">\n\t\t\t\t\t\t\t<div class=\"elementor-spacer\">\n\t\t\t<div class=\"elementor-spacer-inner\"><\/div>\n\t\t<\/div>\n\t\t\t\t\t\t<\/div>\n\t\t\t\t<div class=\"elementor-element elementor-element-83162b5 elementor-hidden-mobile elementor-widget elementor-widget-spacer\" data-id=\"83162b5\" data-element_type=\"widget\" data-e-type=\"widget\" data-widget_type=\"spacer.default\">\n\t\t\t\t\t\t\t<div class=\"elementor-spacer\">\n\t\t\t<div class=\"elementor-spacer-inner\"><\/div>\n\t\t<\/div>\n\t\t\t\t\t\t<\/div>\n\t\t<div class=\"elementor-element elementor-element-8054113 e-con-full e-flex e-con e-child\" data-id=\"8054113\" data-element_type=\"container\" data-e-type=\"container\">\n\t\t\t\t<\/div>\n\t\t<div class=\"elementor-element elementor-element-ace51df e-con-full elementor-hidden-mobile e-flex e-con e-child\" data-id=\"ace51df\" data-element_type=\"container\" data-e-type=\"container\">\n\t\t\t\t<div class=\"elementor-element elementor-element-62327df elementor-hidden-desktop elementor-hidden-mobile elementor-widget elementor-widget-image\" data-id=\"62327df\" data-element_type=\"widget\" data-e-type=\"widget\" data-widget_type=\"image.default\">\n\t\t\t\t\t\t\t\t\t\t\t\t\t\t\t<img decoding=\"async\" src=\"https:\/\/bewustinbeweging-wandelcoaching.nl\/wp-content\/plugins\/elementor\/assets\/images\/placeholder.png\" title=\"\" alt=\"\" loading=\"lazy\" \/>\t\t\t\t\t\t\t\t\t\t\t\t\t\t\t<\/div>\n\t\t\t\t<\/div>\n\t\t\t\t<div class=\"elementor-element elementor-element-3aef1b4 elementor-widget elementor-widget-spacer\" data-id=\"3aef1b4\" data-element_type=\"widget\" data-e-type=\"widget\" data-widget_type=\"spacer.default\">\n\t\t\t\t\t\t\t<div class=\"elementor-spacer\">\n\t\t\t<div class=\"elementor-spacer-inner\"><\/div>\n\t\t<\/div>\n\t\t\t\t\t\t<\/div>\n\t\t\t\t<\/div>\n\t\t\t\t<\/div>\n\t\t<div class=\"elementor-element elementor-element-f7778c1 e-con-full e-flex e-con e-parent\" data-id=\"f7778c1\" data-element_type=\"container\" data-e-type=\"container\" data-settings=\"{&quot;background_background&quot;:&quot;classic&quot;}\">\n\t\t<div class=\"elementor-element elementor-element-e85ddb4 e-con-full e-flex e-con e-child\" data-id=\"e85ddb4\" data-element_type=\"container\" data-e-type=\"container\" data-settings=\"{&quot;background_background&quot;:&quot;classic&quot;}\">\n\t\t\t\t<div class=\"elementor-element elementor-element-ed1c49e elementor-widget elementor-widget-spacer\" data-id=\"ed1c49e\" data-element_type=\"widget\" data-e-type=\"widget\" data-widget_type=\"spacer.default\">\n\t\t\t\t\t\t\t<div class=\"elementor-spacer\">\n\t\t\t<div class=\"elementor-spacer-inner\"><\/div>\n\t\t<\/div>\n\t\t\t\t\t\t<\/div>\n\t\t<div class=\"elementor-element elementor-element-b926ad7 e-con-full animated-slow e-flex elementor-invisible e-con e-child\" data-id=\"b926ad7\" data-element_type=\"container\" data-e-type=\"container\" data-settings=\"{&quot;background_background&quot;:&quot;classic&quot;,&quot;animation&quot;:&quot;fadeInLeft&quot;}\">\n\t\t\t\t<\/div>\n\t\t\t\t<\/div>\n\t\t<div class=\"elementor-element elementor-element-0df61cb e-con-full animated-slow e-flex elementor-invisible e-con e-child\" data-id=\"0df61cb\" data-element_type=\"container\" data-e-type=\"container\" data-settings=\"{&quot;background_background&quot;:&quot;classic&quot;,&quot;animation&quot;:&quot;fadeInRight&quot;}\">\n\t\t\t\t<div class=\"elementor-element elementor-element-0ec66f7 elementor-widget elementor-widget-spacer\" data-id=\"0ec66f7\" data-element_type=\"widget\" data-e-type=\"widget\" data-widget_type=\"spacer.default\">\n\t\t\t\t\t\t\t<div class=\"elementor-spacer\">\n\t\t\t<div class=\"elementor-spacer-inner\"><\/div>\n\t\t<\/div>\n\t\t\t\t\t\t<\/div>\n\t\t<div class=\"elementor-element elementor-element-39dc7e7 e-con-full e-flex e-con e-child\" data-id=\"39dc7e7\" data-element_type=\"container\" data-e-type=\"container\" data-settings=\"{&quot;animation&quot;:&quot;none&quot;}\">\n\t\t\t\t<div class=\"elementor-element elementor-element-a89cfea elementor-widget elementor-widget-heading\" data-id=\"a89cfea\" data-element_type=\"widget\" data-e-type=\"widget\" data-widget_type=\"heading.default\">\n\t\t\t\t\t<h2 class=\"elementor-heading-title elementor-size-default\">Wat kan je van mij verwachten?<\/h2>\t\t\t\t<\/div>\n\t\t<div class=\"elementor-element elementor-element-75fca3e e-con-full e-flex e-con e-child\" data-id=\"75fca3e\" data-element_type=\"container\" data-e-type=\"container\">\n\t\t\t\t<div class=\"elementor-element elementor-element-d1b44a3 elementor-widget elementor-widget-text-editor\" data-id=\"d1b44a3\" data-element_type=\"widget\" data-e-type=\"widget\" data-widget_type=\"text-editor.default\">\n\t\t\t\t\t\t\t\t\t<p>De methode is op opvallend effectief mits deskundig toegepast. De screening vooraf is erg belangrijk. Als we van start gaan, zorg ik ervoor dat jij je veilig, vertrouwd en je op je gemak voelt. De methodiek wordt gevolgd aan de hand van steeds dezelfde stappen. Daarbij wordt je goed geobserveerd en pas ik een EMDR set aan qua duur of de keuzes voor meer of minder stimulus. \u00a0Het laatste kwartier is voor afbouw en een zorgvuldige afronding.<\/p>\t\t\t\t\t\t\t\t<\/div>\n\t\t\t\t<\/div>\n\t\t\t\t<div class=\"elementor-element elementor-element-5934d41 elementor-widget elementor-widget-spacer\" data-id=\"5934d41\" data-element_type=\"widget\" data-e-type=\"widget\" data-widget_type=\"spacer.default\">\n\t\t\t\t\t\t\t<div class=\"elementor-spacer\">\n\t\t\t<div class=\"elementor-spacer-inner\"><\/div>\n\t\t<\/div>\n\t\t\t\t\t\t<\/div>\n\t\t\t\t<div class=\"elementor-element elementor-element-ca2dc4d elementor-widget elementor-widget-heading\" data-id=\"ca2dc4d\" data-element_type=\"widget\" data-e-type=\"widget\" data-widget_type=\"heading.default\">\n\t\t\t\t\t<h2 class=\"elementor-heading-title elementor-size-default\">Extra zorgvuldig als<\/h2>\t\t\t\t<\/div>\n\t\t\t\t<div class=\"elementor-element elementor-element-ff8d755 elementor-widget elementor-widget-text-editor\" data-id=\"ff8d755\" data-element_type=\"widget\" data-e-type=\"widget\" data-widget_type=\"text-editor.default\">\n\t\t\t\t\t\t\t\t\t<p>Er is een aantal situaties waarin EMDR mogelijk niet is ge\u00efndiceerd of dat samenspraak met de huisarts of een andere specialist nodig is. Zoals: ernstige psychiatrische stoornissen, epilepsie, geen affecttolerantie\/ dissociatieve reacties, bepaalde medicatie.<\/p>\t\t\t\t\t\t\t\t<\/div>\n\t\t\t\t<\/div>\n\t\t\t\t<div class=\"elementor-element elementor-element-1572221 elementor-widget elementor-widget-spacer\" data-id=\"1572221\" data-element_type=\"widget\" data-e-type=\"widget\" data-widget_type=\"spacer.default\">\n\t\t\t\t\t\t\t<div class=\"elementor-spacer\">\n\t\t\t<div class=\"elementor-spacer-inner\"><\/div>\n\t\t<\/div>\n\t\t\t\t\t\t<\/div>\n\t\t\t\t<\/div>\n\t\t\t\t<\/div>\n\t\t<div class=\"elementor-element elementor-element-7a58697 e-con-full e-flex e-con e-parent\" data-id=\"7a58697\" data-element_type=\"container\" data-e-type=\"container\">\n\t\t<div class=\"elementor-element elementor-element-803684f e-con-full e-flex elementor-invisible e-con e-child\" data-id=\"803684f\" data-element_type=\"container\" data-e-type=\"container\" data-settings=\"{&quot;animation&quot;:&quot;fadeInLeft&quot;}\">\n\t\t\t\t<div class=\"elementor-element elementor-element-ccaacc6 elementor-widget elementor-widget-heading\" data-id=\"ccaacc6\" data-element_type=\"widget\" data-e-type=\"widget\" data-widget_type=\"heading.default\">\n\t\t\t\t\t<h2 class=\"elementor-heading-title elementor-size-default\">Aanmelden of contact<\/h2>\t\t\t\t<\/div>\n\t\t\t\t<div class=\"elementor-element elementor-element-a995d9c elementor-widget elementor-widget-text-editor\" data-id=\"a995d9c\" data-element_type=\"widget\" data-e-type=\"widget\" data-widget_type=\"text-editor.default\">\n\t\t\t\t\t\t\t\t\t<p><span data-olk-copy-source=\"MessageBody\">Aanmelden voor EMDR kan eenvoudig via een bericht. <br \/>Neem als je nog vragen hebt gerust contact met mij op \u2013 ik denk graag en vrijblijvend met je mee.<\/span><\/p><p><em>Eventuele <a href=\"https:\/\/bewustinbeweging-wandelcoaching.nl\/?page_id=2247\">vergoedingsmogelijkheden<\/a><\/em><\/p>\t\t\t\t\t\t\t\t<\/div>\n\t\t<div class=\"elementor-element elementor-element-d7c0f36 e-con-full e-flex e-con e-child\" data-id=\"d7c0f36\" data-element_type=\"container\" data-e-type=\"container\">\n\t\t\t\t<div class=\"elementor-element elementor-element-2cab84a elementor-widget elementor-widget-button\" data-id=\"2cab84a\" data-element_type=\"widget\" data-e-type=\"widget\" data-widget_type=\"button.default\">\n\t\t\t\t\t\t\t\t\t\t<a class=\"elementor-button elementor-button-link elementor-size-sm\" href=\"https:\/\/bewustinbeweging-wandelcoaching.nl\/?page_id=1706\">\n\t\t\t\t\t\t<span class=\"elementor-button-content-wrapper\">\n\t\t\t\t\t\t\t\t\t<span class=\"elementor-button-text\">Contact<\/span>\n\t\t\t\t\t<\/span>\n\t\t\t\t\t<\/a>\n\t\t\t\t\t\t\t\t<\/div>\n\t\t\t\t<\/div>\n\t\t\t\t<\/div>\n\t\t<div class=\"elementor-element elementor-element-eab4202 e-con-full e-flex elementor-invisible e-con e-child\" data-id=\"eab4202\" data-element_type=\"container\" data-e-type=\"container\" data-settings=\"{&quot;animation&quot;:&quot;fadeInRight&quot;}\">\n\t\t\t\t<div class=\"elementor-element elementor-element-d82a143 elementor-widget elementor-widget-image\" data-id=\"d82a143\" data-element_type=\"widget\" data-e-type=\"widget\" data-widget_type=\"image.default\">\n\t\t\t\t\t\t\t\t\t\t\t\t\t\t\t<img decoding=\"async\" src=\"https:\/\/bewustinbeweging-wandelcoaching.nl\/wp-content\/uploads\/2026\/01\/Linda-online.jpeg\" title=\"Linda online\" alt=\"&quot;Linda Aardema glimlacht terwijl ze achter haar laptop zit, klaar om vragen van klanten te beantwoorden voor BeweustInBeweging.&quot;\" loading=\"lazy\" \/>\t\t\t\t\t\t\t\t\t\t\t\t\t\t\t<\/div>\n\t\t\t\t<\/div>\n\t\t\t\t<\/div>\n\t\t\t\t<\/div>\n\t\t","protected":false},"excerpt":{"rendered":"<p>EMDR behandeling Het effect EMDR leidt ertoe dat jouw herinnering aan een nare\/ traumatische gebeurtenis vrij snel de emotionele lading verliest en het dus minder pijnlijk is om aan de gebeurtenis terug te denken. Negatieve beelden, niet goed functionerende gedachten of opvattingen en negatieve gevoelens veranderen. Er gaat letterlijk wat uit je rugzak dat je [&hellip;]<\/p>\n","protected":false},"author":1,"featured_media":0,"parent":0,"menu_order":0,"comment_status":"closed","ping_status":"closed","template":"","meta":{"footnotes":""},"class_list":["post-2043","page","type-page","status-publish","hentry"],"_links":{"self":[{"href":"https:\/\/bewustinbeweging-wandelcoaching.nl\/index.php?rest_route=\/wp\/v2\/pages\/2043","targetHints":{"allow":["GET"]}}],"collection":[{"href":"https:\/\/bewustinbeweging-wandelcoaching.nl\/index.php?rest_route=\/wp\/v2\/pages"}],"about":[{"href":"https:\/\/bewustinbeweging-wandelcoaching.nl\/index.php?rest_route=\/wp\/v2\/types\/page"}],"author":[{"embeddable":true,"href":"https:\/\/bewustinbeweging-wandelcoaching.nl\/index.php?rest_route=\/wp\/v2\/users\/1"}],"replies":[{"embeddable":true,"href":"https:\/\/bewustinbeweging-wandelcoaching.nl\/index.php?rest_route=%2Fwp%2Fv2%2Fcomments&post=2043"}],"version-history":[{"count":76,"href":"https:\/\/bewustinbeweging-wandelcoaching.nl\/index.php?rest_route=\/wp\/v2\/pages\/2043\/revisions"}],"predecessor-version":[{"id":5010,"href":"https:\/\/bewustinbeweging-wandelcoaching.nl\/index.php?rest_route=\/wp\/v2\/pages\/2043\/revisions\/5010"}],"wp:attachment":[{"href":"https:\/\/bewustinbeweging-wandelcoaching.nl\/index.php?rest_route=%2Fwp%2Fv2%2Fmedia&parent=2043"}],"curies":[{"name":"wp","href":"https:\/\/api.w.org\/{rel}","templated":true}]}}