{"id":1769,"date":"2025-12-29T09:51:02","date_gmt":"2025-12-29T09:51:02","guid":{"rendered":"https:\/\/bewustinbeweging-wandelcoaching.nl\/?page_id=1769"},"modified":"2026-02-09T13:01:02","modified_gmt":"2026-02-09T13:01:02","slug":"mentale-apk","status":"publish","type":"page","link":"http:\/\/bewustinbeweging-wandelcoaching.nl\/?page_id=1769","title":{"rendered":"Mentale APK"},"content":{"rendered":"\t\t<div data-elementor-type=\"wp-page\" data-elementor-id=\"1769\" class=\"elementor elementor-1769\" data-elementor-post-type=\"page\">\n\t\t\t\t<div class=\"elementor-element elementor-element-bb9b247 e-con-full elementor-hidden-mobile e-flex elementor-invisible e-con e-parent\" data-id=\"bb9b247\" data-element_type=\"container\" data-e-type=\"container\" data-settings=\"{&quot;animation&quot;:&quot;fadeIn&quot;}\">\n\t\t\t\t<div class=\"elementor-element elementor-element-c6ff441 elementor-widget elementor-widget-spacer\" data-id=\"c6ff441\" data-element_type=\"widget\" data-e-type=\"widget\" data-widget_type=\"spacer.default\">\n\t\t\t\t\t\t\t<div class=\"elementor-spacer\">\n\t\t\t<div class=\"elementor-spacer-inner\"><\/div>\n\t\t<\/div>\n\t\t\t\t\t\t<\/div>\n\t\t\t\t<div class=\"elementor-element elementor-element-147322d elementor-widget elementor-widget-heading\" data-id=\"147322d\" data-element_type=\"widget\" data-e-type=\"widget\" data-widget_type=\"heading.default\">\n\t\t\t\t\t<h2 class=\"elementor-heading-title elementor-size-default\">Mentale APK<\/h2>\t\t\t\t<\/div>\n\t\t\t\t<div class=\"elementor-element elementor-element-39e2974 elementor-widget-divider--view-line elementor-widget elementor-widget-divider\" data-id=\"39e2974\" data-element_type=\"widget\" data-e-type=\"widget\" data-widget_type=\"divider.default\">\n\t\t\t\t\t\t\t<div class=\"elementor-divider\">\n\t\t\t<span class=\"elementor-divider-separator\">\n\t\t\t\t\t\t<\/span>\n\t\t<\/div>\n\t\t\t\t\t\t<\/div>\n\t\t\t\t<div class=\"elementor-element elementor-element-46570be elementor-widget elementor-widget-spacer\" data-id=\"46570be\" data-element_type=\"widget\" data-e-type=\"widget\" data-widget_type=\"spacer.default\">\n\t\t\t\t\t\t\t<div class=\"elementor-spacer\">\n\t\t\t<div class=\"elementor-spacer-inner\"><\/div>\n\t\t<\/div>\n\t\t\t\t\t\t<\/div>\n\t\t\t\t<\/div>\n\t\t<div class=\"elementor-element elementor-element-2ce4342 e-con-full elementor-hidden-mobile e-flex elementor-invisible e-con e-parent\" data-id=\"2ce4342\" data-element_type=\"container\" data-e-type=\"container\" data-settings=\"{&quot;animation&quot;:&quot;fadeIn&quot;}\">\n\t\t\t\t<div class=\"elementor-element elementor-element-59adf7d elementor-widget elementor-widget-spacer\" data-id=\"59adf7d\" data-element_type=\"widget\" data-e-type=\"widget\" data-widget_type=\"spacer.default\">\n\t\t\t\t\t\t\t<div class=\"elementor-spacer\">\n\t\t\t<div class=\"elementor-spacer-inner\"><\/div>\n\t\t<\/div>\n\t\t\t\t\t\t<\/div>\n\t\t\t\t<div class=\"elementor-element elementor-element-ff5d3d1 elementor-widget elementor-widget-text-editor\" data-id=\"ff5d3d1\" data-element_type=\"widget\" data-e-type=\"widget\" data-widget_type=\"text-editor.default\">\n\t\t\t\t\t\t\t\t\t<ul><li>Een mentale APK is voor jou als je vermoedt dat \u00e9\u00e9n sessie voldoende is voor een dilemma waar je niet goed uitkomt of om eerst in \u00e9\u00e9n sessie te ervaren wat coaching voor jou kan betekenen voor je mogelijk een traject start.<\/li><\/ul>\t\t\t\t\t\t\t\t<\/div>\n\t\t\t\t<\/div>\n\t\t<div class=\"elementor-element elementor-element-e8ab55b e-con-full elementor-hidden-mobile e-flex elementor-invisible e-con e-parent\" data-id=\"e8ab55b\" data-element_type=\"container\" data-e-type=\"container\" data-settings=\"{&quot;animation&quot;:&quot;fadeIn&quot;}\">\n\t\t\t\t<div class=\"elementor-element elementor-element-583ba00 elementor-widget elementor-widget-spacer\" data-id=\"583ba00\" data-element_type=\"widget\" data-e-type=\"widget\" data-widget_type=\"spacer.default\">\n\t\t\t\t\t\t\t<div class=\"elementor-spacer\">\n\t\t\t<div class=\"elementor-spacer-inner\"><\/div>\n\t\t<\/div>\n\t\t\t\t\t\t<\/div>\n\t\t\t\t<div class=\"elementor-element elementor-element-96e5484 elementor-widget elementor-widget-text-editor\" data-id=\"96e5484\" data-element_type=\"widget\" data-e-type=\"widget\" data-widget_type=\"text-editor.default\">\n\t\t\t\t\t\t\t\t\t<ul><li>Een mentale APK is ook geschikt als extra follow-up na een coachtraject, bijvoorbeeld als je onzekerheid voelt of een terugval vermoedt en dat \u00e9\u00e9n sessie voldoende is om je evenwicht weer te herstellen.<\/li><\/ul>\t\t\t\t\t\t\t\t<\/div>\n\t\t\t\t<div class=\"elementor-element elementor-element-4ca7d38 elementor-widget elementor-widget-spacer\" data-id=\"4ca7d38\" data-element_type=\"widget\" data-e-type=\"widget\" data-widget_type=\"spacer.default\">\n\t\t\t\t\t\t\t<div class=\"elementor-spacer\">\n\t\t\t<div class=\"elementor-spacer-inner\"><\/div>\n\t\t<\/div>\n\t\t\t\t\t\t<\/div>\n\t\t\t\t<\/div>\n\t\t<div class=\"elementor-element elementor-element-ed951f5 e-con-full elementor-hidden-mobile e-flex elementor-invisible e-con e-parent\" data-id=\"ed951f5\" data-element_type=\"container\" data-e-type=\"container\" data-settings=\"{&quot;animation&quot;:&quot;fadeIn&quot;}\">\n\t\t<div class=\"elementor-element elementor-element-87fb7c7 e-con-full e-flex e-con e-child\" data-id=\"87fb7c7\" data-element_type=\"container\" data-e-type=\"container\">\n\t\t\t\t<div class=\"elementor-element elementor-element-6176932 elementor-widget elementor-widget-text-editor\" data-id=\"6176932\" data-element_type=\"widget\" data-e-type=\"widget\" data-widget_type=\"text-editor.default\">\n\t\t\t\t\t\t\t\t\t<ul><li>Een APK kan bedoeld zijn om in te checken bij jezelf en hoe het op dit moment met je gaat. Zijn er problemen die opgelost of losgelaten kunnen worden. Inchecken bij jezelf kan op vier niveaus: \u2013 mentaal -emotioneel- fysiek- energiek. In je hoofd -wat is daar allemaal gaande qua gedachten, in je hart -wat voel je en in lijf &#8211; stroomt je energie.<\/li><\/ul><blockquote><p>Resultaat is meer verbinding tussen hoofd, hart en lijf. Plus lichaamsbewustheid en loskomen van gedachten en emoties. Dat geeft rust in je hoofd en lichaam. Ook ga je uit je hoofd naar je hart zodat je beter kan voelen en daardoor ook komt bij jouw innerlijke weten. Keuzes maken en besluiten nemen die meer passen bij jou wordt zo makkelijker.<\/p><\/blockquote><ul><li><p>Audio met een mindul-check krijg je naderhand zodat je je levenslang probeert ervan hebt.<\/p><\/li><li><p>Een groepsAPK is ook mogelijk<\/p><\/li><\/ul>\t\t\t\t\t\t\t\t<\/div>\n\t\t\t\t<\/div>\n\t\t<div class=\"elementor-element elementor-element-8f552ba e-con-full e-flex e-con e-child\" data-id=\"8f552ba\" data-element_type=\"container\" data-e-type=\"container\">\n\t\t<div class=\"elementor-element elementor-element-b022b2c e-con-full e-flex e-con e-child\" data-id=\"b022b2c\" data-element_type=\"container\" data-e-type=\"container\" data-settings=\"{&quot;background_background&quot;:&quot;classic&quot;}\">\n\t\t\t\t<\/div>\n\t\t\t\t<\/div>\n\t\t\t\t<\/div>\n\t\t<div class=\"elementor-element elementor-element-9e0a460 e-con-full elementor-hidden-mobile e-flex elementor-invisible e-con e-parent\" data-id=\"9e0a460\" data-element_type=\"container\" data-e-type=\"container\" data-settings=\"{&quot;animation&quot;:&quot;fadeIn&quot;}\">\n\t\t\t\t<div class=\"elementor-element elementor-element-9a1f7f1 elementor-widget elementor-widget-spacer\" data-id=\"9a1f7f1\" data-element_type=\"widget\" data-e-type=\"widget\" data-widget_type=\"spacer.default\">\n\t\t\t\t\t\t\t<div class=\"elementor-spacer\">\n\t\t\t<div class=\"elementor-spacer-inner\"><\/div>\n\t\t<\/div>\n\t\t\t\t\t\t<\/div>\n\t\t\t\t<div class=\"elementor-element elementor-element-be4ae3f elementor-widget elementor-widget-spacer\" data-id=\"be4ae3f\" data-element_type=\"widget\" data-e-type=\"widget\" data-widget_type=\"spacer.default\">\n\t\t\t\t\t\t\t<div class=\"elementor-spacer\">\n\t\t\t<div class=\"elementor-spacer-inner\"><\/div>\n\t\t<\/div>\n\t\t\t\t\t\t<\/div>\n\t\t\t\t<div class=\"elementor-element elementor-element-1f6ce2f elementor-widget-divider--view-line elementor-widget elementor-widget-divider\" data-id=\"1f6ce2f\" data-element_type=\"widget\" data-e-type=\"widget\" data-widget_type=\"divider.default\">\n\t\t\t\t\t\t\t<div class=\"elementor-divider\">\n\t\t\t<span class=\"elementor-divider-separator\">\n\t\t\t\t\t\t<\/span>\n\t\t<\/div>\n\t\t\t\t\t\t<\/div>\n\t\t\t\t<div class=\"elementor-element elementor-element-68cda59 elementor-widget elementor-widget-spacer\" data-id=\"68cda59\" data-element_type=\"widget\" data-e-type=\"widget\" data-widget_type=\"spacer.default\">\n\t\t\t\t\t\t\t<div class=\"elementor-spacer\">\n\t\t\t<div class=\"elementor-spacer-inner\"><\/div>\n\t\t<\/div>\n\t\t\t\t\t\t<\/div>\n\t\t\t\t<\/div>\n\t\t<div class=\"elementor-element elementor-element-6fb52df e-flex e-con-boxed e-con e-parent\" data-id=\"6fb52df\" data-element_type=\"container\" data-e-type=\"container\">\n\t\t\t\t\t<div class=\"e-con-inner\">\n\t\t\t\t<div class=\"elementor-element elementor-element-fc6fc9c elementor-widget elementor-widget-spacer\" data-id=\"fc6fc9c\" data-element_type=\"widget\" data-e-type=\"widget\" data-widget_type=\"spacer.default\">\n\t\t\t\t\t\t\t<div class=\"elementor-spacer\">\n\t\t\t<div class=\"elementor-spacer-inner\"><\/div>\n\t\t<\/div>\n\t\t\t\t\t\t<\/div>\n\t\t\t\t\t<\/div>\n\t\t\t\t<\/div>\n\t\t\t\t<\/div>\n\t\t","protected":false},"excerpt":{"rendered":"<p>Mentale APK Een mentale APK is voor jou als je vermoedt dat \u00e9\u00e9n sessie voldoende is voor een dilemma waar je niet goed uitkomt of om eerst in \u00e9\u00e9n sessie te ervaren wat coaching voor jou kan betekenen voor je mogelijk een traject start. Een mentale APK is ook geschikt als extra follow-up na een [&hellip;]<\/p>\n","protected":false},"author":1,"featured_media":0,"parent":0,"menu_order":0,"comment_status":"closed","ping_status":"closed","template":"","meta":{"footnotes":""},"class_list":["post-1769","page","type-page","status-publish","hentry"],"_links":{"self":[{"href":"http:\/\/bewustinbeweging-wandelcoaching.nl\/index.php?rest_route=\/wp\/v2\/pages\/1769","targetHints":{"allow":["GET"]}}],"collection":[{"href":"http:\/\/bewustinbeweging-wandelcoaching.nl\/index.php?rest_route=\/wp\/v2\/pages"}],"about":[{"href":"http:\/\/bewustinbeweging-wandelcoaching.nl\/index.php?rest_route=\/wp\/v2\/types\/page"}],"author":[{"embeddable":true,"href":"http:\/\/bewustinbeweging-wandelcoaching.nl\/index.php?rest_route=\/wp\/v2\/users\/1"}],"replies":[{"embeddable":true,"href":"http:\/\/bewustinbeweging-wandelcoaching.nl\/index.php?rest_route=%2Fwp%2Fv2%2Fcomments&post=1769"}],"version-history":[{"count":47,"href":"http:\/\/bewustinbeweging-wandelcoaching.nl\/index.php?rest_route=\/wp\/v2\/pages\/1769\/revisions"}],"predecessor-version":[{"id":5383,"href":"http:\/\/bewustinbeweging-wandelcoaching.nl\/index.php?rest_route=\/wp\/v2\/pages\/1769\/revisions\/5383"}],"wp:attachment":[{"href":"http:\/\/bewustinbeweging-wandelcoaching.nl\/index.php?rest_route=%2Fwp%2Fv2%2Fmedia&parent=1769"}],"curies":[{"name":"wp","href":"https:\/\/api.w.org\/{rel}","templated":true}]}}